{"id":2338,"date":"2024-05-23T09:11:07","date_gmt":"2024-05-23T09:11:07","guid":{"rendered":"https:\/\/manoirdegoyet.be\/politique-de-confidentialite\/"},"modified":"2024-05-23T09:15:16","modified_gmt":"2024-05-23T09:15:16","slug":"politique-de-confidentialite","status":"publish","type":"page","link":"https:\/\/manoirdegoyet.be\/fr\/politique-de-confidentialite\/","title":{"rendered":"Politique de confidentialit\u00e9"},"content":{"rendered":"<p>[et_pb_section fb_built=\u00a0\u00bb1&Prime; theme_builder_area=\u00a0\u00bbpost_content\u00a0\u00bb _builder_version=\u00a0\u00bb4.25.1&Prime; _module_preset=\u00a0\u00bbdefault\u00a0\u00bb][et_pb_row _builder_version=\u00a0\u00bb4.25.1&Prime; _module_preset=\u00a0\u00bbdefault\u00a0\u00bb theme_builder_area=\u00a0\u00bbpost_content\u00a0\u00bb max_width=\u00a0\u00bb1550px\u00a0\u00bb width=\u00a0\u00bb68%\u00a0\u00bb hover_enabled=\u00a0\u00bb0&Prime; sticky_enabled=\u00a0\u00bb0&Prime;][et_pb_column _builder_version=\u00a0\u00bb4.25.1&Prime; _module_preset=\u00a0\u00bbdefault\u00a0\u00bb type=\u00a0\u00bb4_4&Prime; theme_builder_area=\u00a0\u00bbpost_content\u00a0\u00bb][et_pb_text _builder_version=\u00a0\u00bb4.25.1&Prime; _module_preset=\u00a0\u00bbdefault\u00a0\u00bb theme_builder_area=\u00a0\u00bbpost_content\u00a0\u00bb hover_enabled=\u00a0\u00bb0&Prime; sticky_enabled=\u00a0\u00bb0&Prime;]<\/p>\n<div class=\"wrapper\">\n<div class=\"content\">\n<div class=\"container-fluid\">\n<div ng-app=\"app\" class=\"ng-scope\">\n<div class=\"row ng-scope\" ng-controller=\"GeneratorCtrl as generator\">\n<div class=\"col-sm-8 col-sm-pull-4\">\n<div class=\"main\">\n<div class=\"article\" id=\"content\">\n<div ng-if=\"generator.isLastStep()\" class=\"ng-scope\">\n<div ng-class=\"{ hover: generator.placeholdersBorder }\" ng-mouseenter=\"generator.showPlaceholdersBorder($index)\" ng-mouseleave=\"generator.hidePlaceholdersBorder($index)\" class=\"paragraph hover\" my-placeholders=\"\">\n<div class=\"in ng-binding ng-scope editable\" e-form=\"hoverFormP\" editable-textarea=\"generator.placeholders\" e-rows=\"15\" oncancel=\"generator.removePlaceholders()\" onshow=\"generator.whenShow()\" onhide=\"generator.whenHide()\" blur=\"ignore\" ng-bind-html=\"generator.placeholders | to_trusted\">\n<h2>Politique de confidentialit\u00e9<\/h2>\n<p>&nbsp;<\/p>\n<p><span> <\/span>P<strong>olitique de confidentialit\u00e9<\/strong> du Manoir de Goyet, propri\u00e9taire de manoirdegoyet.be<\/p>\n<p><strong>1) Garanties en mati\u00e8re de protection de la vie priv\u00e9e<\/strong><\/p>\n<p>La protection de la vie priv\u00e9e des visiteurs de manoirdegoyet.be est une t\u00e2che importante pour nous. C&rsquo;est pourquoi nous d\u00e9crivons dans notre politique de confidentialit\u00e9 les informations que nous recueillons et l&rsquo;usage que nous en faisons.<\/p>\n<p><strong>2) Consentement<\/strong><\/p>\n<p>En utilisant les informations et les services de manoirdegoyet.be, vous acceptez notre politique de confidentialit\u00e9 et les conditions \u00e9nonc\u00e9es ici.<\/p>\n<p><strong>3) Questions<\/strong><\/p>\n<p>Si vous souhaitez recevoir plus d&rsquo;informations ou si vous avez des questions concernant la politique de confidentialit\u00e9 du Manoir de Goyet et plus particuli\u00e8rement de manoirdegoyet.be, vous pouvez nous contacter par e-mail. Notre adresse \u00e9lectronique est info@maisonsmattelin.be.<\/p>\n<p><strong>4) Suivi du comportement des visiteurs<\/strong><\/p>\n<p>manoirdegoyet.be utilise diverses techniques pour savoir qui visite le site web, comment ce visiteur se comporte sur le site web et quelles sont les pages visit\u00e9es. Il s&rsquo;agit d&rsquo;une m\u00e9thode de travail courante pour les sites web, car elle fournit des informations qui contribuent \u00e0 la qualit\u00e9 de l&rsquo;exp\u00e9rience de l&rsquo;utilisateur. Les informations que nous enregistrons, via les cookies, comprennent les adresses IP, le type de navigateur et les pages d&rsquo;accueil visit\u00e9es.  <\/p>\n<p>Nous contr\u00f4lons \u00e9galement l&rsquo;endroit o\u00f9 les visiteurs se rendent pour la premi\u00e8re fois sur le site web et la page qu&rsquo;ils quittent. Ces informations restent anonymes et ne sont pas li\u00e9es \u00e0 d&rsquo;autres informations personnelles.<\/p>\n<p><strong>5) Utilisation de cookies<\/strong><\/p>\n<p>manoirdegoyet.be place des cookies sur les visiteurs. Nous le faisons pour collecter des informations sur les pages que les utilisateurs visitent sur notre site web, pour savoir combien de fois les visiteurs reviennent et pour voir quelles sont les pages qui marchent bien sur le site web. Nous gardons \u00e9galement la trace des informations partag\u00e9es par le navigateur.<\/p>\n<p><strong>6) D\u00e9sactiver les cookies<\/strong><\/p>\n<p>Vous pouvez choisir de d\u00e9sactiver les cookies. Vous le faites en utilisant les capacit\u00e9s de votre navigateur. Vous trouverez plus d&rsquo;informations sur ces options sur le site web de votre fournisseur de navigateur.<\/p>\n<p><strong>7) Cookies de tiers<\/strong><\/p>\n<p>Des tiers, tels que Google, peuvent faire de la publicit\u00e9 sur notre site web ou nous pouvons utiliser un autre service. Pour ce faire, ces tiers placent des cookies dans certains cas. Ces cookies ne peuvent pas \u00eatre influenc\u00e9s par manoirdegoyet.be.<\/p>\n<\/div>\n<\/div>\n<\/div>\n<\/div>\n<\/div>\n<\/div>\n<\/div>\n<\/div>\n<\/div>\n<\/div>\n<\/div>\n<p>[\/et_pb_text][\/et_pb_column][\/et_pb_row][\/et_pb_section]<\/p>\n","protected":false},"excerpt":{"rendered":"<p>Politique de confidentialit\u00e9 &nbsp; Politique de confidentialit\u00e9 du Manoir de Goyet, propri\u00e9taire de manoirdegoyet.be 1) Garanties en mati\u00e8re de protection de la vie priv\u00e9e La protection de la vie priv\u00e9e des visiteurs de manoirdegoyet.be est une t\u00e2che importante pour nous. C&rsquo;est pourquoi nous d\u00e9crivons dans notre politique de confidentialit\u00e9 les informations que nous recueillons et [&hellip;]<\/p>\n","protected":false},"author":1,"featured_media":0,"parent":0,"menu_order":0,"comment_status":"closed","ping_status":"closed","template":"","meta":{"_seopress_robots_primary_cat":"","_seopress_titles_title":"","_seopress_titles_desc":"","_seopress_robots_index":"yes","_et_pb_use_builder":"on","_et_pb_old_content":"","_et_gb_content_width":"","footnotes":""},"class_list":["post-2338","page","type-page","status-publish","hentry"],"_links":{"self":[{"href":"https:\/\/manoirdegoyet.be\/fr\/wp-json\/wp\/v2\/pages\/2338","targetHints":{"allow":["GET"]}}],"collection":[{"href":"https:\/\/manoirdegoyet.be\/fr\/wp-json\/wp\/v2\/pages"}],"about":[{"href":"https:\/\/manoirdegoyet.be\/fr\/wp-json\/wp\/v2\/types\/page"}],"author":[{"embeddable":true,"href":"https:\/\/manoirdegoyet.be\/fr\/wp-json\/wp\/v2\/users\/1"}],"replies":[{"embeddable":true,"href":"https:\/\/manoirdegoyet.be\/fr\/wp-json\/wp\/v2\/comments?post=2338"}],"version-history":[{"count":3,"href":"https:\/\/manoirdegoyet.be\/fr\/wp-json\/wp\/v2\/pages\/2338\/revisions"}],"predecessor-version":[{"id":2341,"href":"https:\/\/manoirdegoyet.be\/fr\/wp-json\/wp\/v2\/pages\/2338\/revisions\/2341"}],"wp:attachment":[{"href":"https:\/\/manoirdegoyet.be\/fr\/wp-json\/wp\/v2\/media?parent=2338"}],"curies":[{"name":"wp","href":"https:\/\/api.w.org\/{rel}","templated":true}]}}