{"id":2455,"date":"2024-12-04T12:44:18","date_gmt":"2024-12-04T12:44:18","guid":{"rendered":"https:\/\/manoirdegoyet.be\/art-a-vendre\/"},"modified":"2024-12-06T12:43:34","modified_gmt":"2024-12-06T12:43:34","slug":"art-a-vendre","status":"publish","type":"page","link":"https:\/\/manoirdegoyet.be\/fr\/art-a-vendre\/","title":{"rendered":"Art \u00e0 vendre"},"content":{"rendered":"<p>[et_pb_section fb_built=\u00a0\u00bb1&Prime; _builder_version=\u00a0\u00bb4.27.4&Prime; _module_preset=\u00a0\u00bbdefault\u00a0\u00bb use_background_color_gradient=\u00a0\u00bbon\u00a0\u00bb background_color_gradient_stops=\u00a0\u00bbrgba(59,70,97,0.87) 0%|rgba(59,70,97,0.87) 100%\u00a0\u00bb background_color_gradient_overlays_image=\u00a0\u00bbon\u00a0\u00bb background_image=\u00a0\u00bbhttps:\/\/manoirdegoyet.be\/wp-content\/uploads\/2024\/02\/IMG_2923-scaled.jpg\u00a0\u00bb background_position=\u00a0\u00bbtop_center\u00a0\u00bb custom_padding=\u00a0\u00bb190px||190px||true|\u00a0\u00bb global_colors_info=\u00a0\u00bb{}\u00a0\u00bb][et_pb_row _builder_version=\u00a0\u00bb4.27.4&Prime; _module_preset=\u00a0\u00bbdefault\u00a0\u00bb custom_padding=\u00a0\u00bb0px||0px|||\u00a0\u00bb global_colors_info=\u00a0\u00bb{}\u00a0\u00bb][et_pb_column type=\u00a0\u00bb4_4&Prime; _builder_version=\u00a0\u00bb4.27.4&Prime; _module_preset=\u00a0\u00bbdefault\u00a0\u00bb global_colors_info=\u00a0\u00bb{}\u00a0\u00bb][et_pb_image src=\u00a0\u00bbhttps:\/\/manoirdegoyet.be\/wp-content\/uploads\/2023\/11\/outline-manoir-de-goyet-dak.png\u00a0\u00bb title_text=\u00a0\u00bbcontour du toit du manoir de goyet\u00a0\u00bb align=\u00a0\u00bbcenter\u00a0\u00bb _builder_version=\u00a0\u00bb4.27.4&Prime; _module_preset=\u00a0\u00bbdefault\u00a0\u00bb max_width=\u00a0\u00bb130px\u00a0\u00bb global_colors_info=\u00a0\u00bb{}\u00a0\u00bb][\/et_pb_image][et_pb_text _builder_version=\u00a0\u00bb4.27.4&Prime; _module_preset=\u00a0\u00bbdefault\u00a0\u00bb text_text_color=\u00a0\u00bb#FFFFFF\u00a0\u00bb header_text_align=\u00a0\u00bbcenter\u00a0\u00bb header_text_color=\u00a0\u00bb#FFFFFF\u00a0\u00bb header_font_size=\u00a0\u00bb60px\u00a0\u00bb global_colors_info=\u00a0\u00bb{}\u00a0\u00bb]<\/p>\n<h1 class=\"et_pb_module_header et-fb-editable-element et-fb-editable-element et-fb-editable-element__editing\" data-shortcode-id=\"3.0-1733488480361\" data-quickaccess-id=\"title\" contenteditable=\"true\">Art \u00e0 vendre<\/h1>\n<p>[\/et_pb_text][et_pb_text _builder_version=\u00a0\u00bb4.27.4&Prime; _module_preset=\u00a0\u00bbdefault\u00a0\u00bb text_text_color=\u00a0\u00bb#FFFFFF\u00a0\u00bb text_orientation=\u00a0\u00bbcenter\u00a0\u00bb max_width=\u00a0\u00bb860px\u00a0\u00bb module_alignment=\u00a0\u00bbcenter\u00a0\u00bb global_colors_info=\u00a0\u00bb{}\u00a0\u00bb]<\/p>\n<p>Nos \u0153uvres sont d&rsquo;abord pr\u00e9sent\u00e9es au Manoir de Goyet, o\u00f9 elles sont soigneusement expos\u00e9es \u00e0 nos h\u00f4tes. Nous proposons ensuite les \u0153uvres \u00e0 la vente afin qu&rsquo;elles trouvent un nouveau propri\u00e9taire qui appr\u00e9cie davantage leur beaut\u00e9.<\/p>\n<p>[\/et_pb_text][et_pb_button button_url=\u00a0\u00bbhttps:\/\/manoirdegoyet.be\/wp-content\/uploads\/2024\/12\/beelden-zonder-prijs.pdf\u00a0\u00bb button_text=\u00a0\u00bbEn savoir plus\u00a0\u00bb button_alignment=\u00a0\u00bbcenter\u00a0\u00bb _builder_version=\u00a0\u00bb4.27.4&Prime; _module_preset=\u00a0\u00bbdefault\u00a0\u00bb hover_enabled=\u00a0\u00bb0&Prime; global_colors_info=\u00a0\u00bb{}\u00a0\u00bb url_new_window=\u00a0\u00bbon\u00a0\u00bb sticky_enabled=\u00a0\u00bb0&Prime;][\/et_pb_button][\/et_pb_column][\/et_pb_row][\/et_pb_section]<\/p>\n","protected":false},"excerpt":{"rendered":"<p>Art \u00e0 vendreNos \u0153uvres sont d&rsquo;abord pr\u00e9sent\u00e9es au Manoir de Goyet, o\u00f9 elles sont soigneusement expos\u00e9es \u00e0 nos h\u00f4tes. Nous proposons ensuite les \u0153uvres \u00e0 la vente afin qu&rsquo;elles trouvent un nouveau propri\u00e9taire qui appr\u00e9cie davantage leur beaut\u00e9.<\/p>\n","protected":false},"author":3,"featured_media":0,"parent":0,"menu_order":0,"comment_status":"closed","ping_status":"closed","template":"","meta":{"_seopress_robots_primary_cat":"","_seopress_titles_title":"Art \u00e0 vendre","_seopress_titles_desc":"Nos \u0153uvres sont d'abord pr\u00e9sent\u00e9es au Manoir de Goyet, o\u00f9 elles sont soigneusement expos\u00e9es pour un public s\u00e9lectionn\u00e9.","_seopress_robots_index":"","_et_pb_use_builder":"on","_et_pb_old_content":"","_et_gb_content_width":"","footnotes":""},"class_list":["post-2455","page","type-page","status-publish","hentry"],"_links":{"self":[{"href":"https:\/\/manoirdegoyet.be\/fr\/wp-json\/wp\/v2\/pages\/2455","targetHints":{"allow":["GET"]}}],"collection":[{"href":"https:\/\/manoirdegoyet.be\/fr\/wp-json\/wp\/v2\/pages"}],"about":[{"href":"https:\/\/manoirdegoyet.be\/fr\/wp-json\/wp\/v2\/types\/page"}],"author":[{"embeddable":true,"href":"https:\/\/manoirdegoyet.be\/fr\/wp-json\/wp\/v2\/users\/3"}],"replies":[{"embeddable":true,"href":"https:\/\/manoirdegoyet.be\/fr\/wp-json\/wp\/v2\/comments?post=2455"}],"version-history":[{"count":10,"href":"https:\/\/manoirdegoyet.be\/fr\/wp-json\/wp\/v2\/pages\/2455\/revisions"}],"predecessor-version":[{"id":2492,"href":"https:\/\/manoirdegoyet.be\/fr\/wp-json\/wp\/v2\/pages\/2455\/revisions\/2492"}],"wp:attachment":[{"href":"https:\/\/manoirdegoyet.be\/fr\/wp-json\/wp\/v2\/media?parent=2455"}],"curies":[{"name":"wp","href":"https:\/\/api.w.org\/{rel}","templated":true}]}}